{"id":1877,"date":"2020-12-15T12:15:46","date_gmt":"2020-12-15T11:15:46","guid":{"rendered":"http:\/\/www.squadra-consult.de\/?page_id=1877"},"modified":"2023-02-09T12:15:30","modified_gmt":"2023-02-09T11:15:30","slug":"privat","status":"publish","type":"page","link":"https:\/\/www.squadra-consult.de\/it\/privat\/","title":{"rendered":"Informativa sulla privacy"},"content":{"rendered":"<section class=\"kc-elm kc-css-611538 kc_row\"><div class=\"kc-row-container  kc-container\"><div class=\"kc-wrap-columns\"><div class=\"kc-elm kc-css-89339 kc_col-sm-12 kc_column kc_col-sm-12\"><div class=\"kc-col-container\"><div class=\"kc-elm kc-css-370217 kc_text_block\"><\/p>\n<p><strong>Informativa sulla privacy<\/strong><\/p>\n<p>Nella presente informativa sulla privacy vi informiamo sul trattamento dei dati personali durante l&#8217;utilizzo di questo sito web.<\/p>\n<p><strong>Responsabile<\/strong><\/p>\n<p>Responsabile del trattamento dei dati \u00e8<\/p>\n<p>SQUADRA CONSULT<\/p>\n<p>Wolfgang M. Voigt<br \/>\nSonnenblumenstr. 14a<br \/>\n81377 Monaco di Baviera<\/p>\n<p>Telefono +49 (0)89 294313<br \/>\nfax +49 (0)89 29160133<\/p>\n<p><strong>Responsabile della protezione dei dati<\/strong><\/p>\n<p>Il responsabile della protezione dei dati pu\u00f2 essere contattato all&#8217;indirizzo del responsabile del trattamento. Si prega di aggiungere il riferimento &#8220;responsabile della protezione dei dati\" all&#8217;indirizzo quando ci si rivolge a noi per posta. Potete contattare il nostro responsabile della protezione dei dati via e-mail al seguente indirizzo di posta elettronica: voigt@squadra-consult.de<\/p>\n<p><strong>Dati personali<\/strong><\/p>\n<p>Per dati personali si intende qualsiasi informazione relativa ad una persona fisica identificata o identificabile (di seguito &#8220;interessato\"). Una persona fisica identificabile \u00e8 una persona fisica che pu\u00f2 essere identificata, direttamente o indirettamente, in particolare mediante riferimento ad un identificatore quale un nome, un numero di identificazione, dati relativi all&#8217;ubicazione, un identificatore online o ad uno o pi\u00f9 fattori specifici caratteristici dell&#8217;identit\u00e0 fisica, fisiologica, genetica, mentale, economica, culturale o sociale della persona fisica.<\/p>\n<p><strong>Dati quando si visita il sito web<\/strong><\/p>\n<p>Se utilizzate questo sito web solo per ottenere informazioni e non fornite dati, elaboriamo solo i dati necessari per visualizzare il sito web sul dispositivo abilitato a Internet che state utilizzando. Questi sono in particolare:<\/p>\n<ul>\n<li>indirizzo IP<\/li>\n<li>data e ora della richiesta<\/li>\n<li>la quantit\u00e0 di dati trasferiti in ogni caso<\/li>\n<li>il sito web da cui proviene la richiesta<\/li>\n<li>tipo e versione del browser<\/li>\n<\/ul>\n<p>La base legale per il trattamento di questi dati \u00e8 costituita da interessi legittimi ai sensi dell&#8217;art. 6 cpv. 1 lett. f) DSGVO, al fine di consentire la presentazione del sito web in linea di principio.<\/p>\n<p>Inoltre, \u00e8 possibile utilizzare diversi servizi sul sito web, dove vengono trattati ulteriori dati personali e non personali.<\/p>\n<p><strong>I vostri diritti<\/strong><\/p>\n<p>In qualit\u00e0 di interessato avete i seguenti diritti:<\/p>\n<ul>\n<li>Avete il diritto di accesso ai dati personali che vi riguardano e che sono trattati dal titolare del trattamento (art. 15 DSGVO),<\/li>\n<li>Avete il diritto di rettificare i dati che vi riguardano se sono memorizzati in modo inesatto o incompleto (art. 16 DSGVO),<\/li>\n<li>Avete il diritto di cancellare (art. 17 DSGVO),<\/li>\n<li>Avete il diritto di richiedere la limitazione del trattamento dei vostri dati personali (art. 18 DSGVO),<\/li>\n<li>Avete diritto alla portabilit\u00e0 dei dati (art. 20 DSGVO),<\/li>\n<li>Avete il diritto di opporvi al trattamento dei dati personali che vi riguardano (art. 21 DSGVO),<\/li>\n<li>Avete il diritto di non essere soggetti a una decisione basata esclusivamente su un&#8217;elaborazione automatizzata, inclusa la profilazione, che produce effetti giuridici che vi riguardano o che vi riguardano in modo significativo (articolo 22 GDPR),<\/li>\n<li>In caso di sospetta violazione della legge sulla protezione dei dati, avete il diritto di presentare un reclamo all&#8217;autorit\u00e0 di controllo competente (art. 77 DSGVO). L&#8217;autorit\u00e0 di vigilanza competente \u00e8 quella del luogo di residenza abituale, del luogo di lavoro o del luogo della presunta infrazione.<\/li>\n<\/ul>\n<p><strong>Utilizzo dei cookie<\/strong><\/p>\n<p>I cookie possono essere memorizzati sul vostro dispositivo quando visitate il sito web. I cookie sono piccoli file di testo che vengono memorizzati dal browser utilizzato. I cookie non possono eseguire programmi o trasmettere virus al vostro dispositivo. Tuttavia, il corpo che imposta il cookie pu\u00f2 ottenere determinate informazioni da esso. I cookie vengono utilizzati per rendere il sito web pi\u00f9 facile da usare. Ad esempio, i cookie consentono di riconoscere il dispositivo utilizzato per accedere a questo sito web quando vi si ritorna.<\/p>\n<p>L&#8217;impostazione dei cookie pu\u00f2 essere limitata o impedita dalle impostazioni del browser. Ad esempio, pu\u00f2 essere bloccata solo l&#8217;accettazione di cookie di fornitori terzi o l&#8217;accettazione di tutti i cookie. Tuttavia, bloccando i cookies, potreste non essere pi\u00f9 in grado di utilizzare tutte le funzioni di questo sito web. Nel testo ulteriore della presente dichiarazione sulla protezione dei dati, vi informiamo specificamente in quali punti e per quali scopi vengono utilizzati i cookie sulle pagine.<\/p>\n<p><strong>Informativa sulla privacy per Google Analytics<\/strong><\/p>\n<p>Questo sito web utilizza Google Analytics, un servizio di analisi web fornito da Google Inc, 1600 Amphitheatre Parkway, Mountain View, CA 94043, USA. A tale scopo, Google imposta i cookie sul dispositivo. Questi permettono un&#8217;analisi dell&#8217;utilizzo del sito web. Le informazioni raccolte nel processo vengono di norma trasmesse a un server di Google negli USA e l\u00ec registrate &#8211; compreso l&#8217;indirizzo IP. Google Analytics \u00e8 impostato in modo che gli indirizzi IP siano memorizzati solo in forma anonima. Grazie a questa impostazione, Google tronca gli indirizzi IP raccolti negli Stati membri dell&#8217;Unione europea o in altri Stati contraenti dell&#8217;Accordo sullo Spazio economico europeo prima di memorizzarli. Google utilizza le informazioni raccolte per valutare l&#8217;utilizzo dei siti web e per creare i relativi rapporti. Google Analytics \u00e8 impostato per cancellare i dati entro 14 mesi dalla loro comparsa.<\/p>\n<p>I dati sono trattati in base all&#8217;art. 6 cpv. 1 UAbs. 1 lett. f) DSGVO con il legittimo interesse a migliorare l&#8217;offerta di questo sito web.<\/p>\n<p>L&#8217;impostazione del cookie Analytics pu\u00f2 essere impedita impostando il browser in modo che rifiuti tutti i cookie. Tuttavia, questo pu\u00f2 influire sull&#8217;usabilit\u00e0 di questo sito web. La raccolta di dati da parte di Google pu\u00f2 essere impedita anche installando il seguente plug-in del browser: https:\/\/tools.google.com\/dlpage\/gaoptout?hl=de. La raccolta di dati da parte di Google Analytics pu\u00f2 essere impedita anche cliccando sul seguente link. In questo modo si imposta un corrispondente cookie di opt-out: Disattivare la raccolta di dati da parte di Google Analytics per questo sito web. Ulteriori informazioni sulla protezione dei dati di Google sono disponibili all&#8217;indirizzo:<\/p>\n<p><a href=\"https:\/\/www.google.com\/intl\/de\/analytics\/privacyoverview.html\">\u00a0https:\/\/www.google.com\/intl\/de\/analytics\/privacyoverview.html<\/a>.<\/p>\n<p>Fonte: Esempio di informativa sulla privacy di <a href=\"_wp_link_placeholder\" data-wplink-edit=\"true\">anwalt.de<\/a><\/p>\n<p>Tradotto con www.DeepL.com\/Translator<\/p>\n<p>\n<\/div><\/div><\/div><\/div><\/div><\/section>\n","protected":false},"excerpt":{"rendered":"","protected":false},"author":2,"featured_media":0,"parent":0,"menu_order":0,"comment_status":"closed","ping_status":"open","template":"","meta":[],"_links":{"self":[{"href":"https:\/\/www.squadra-consult.de\/it\/wp-json\/wp\/v2\/pages\/1877"}],"collection":[{"href":"https:\/\/www.squadra-consult.de\/it\/wp-json\/wp\/v2\/pages"}],"about":[{"href":"https:\/\/www.squadra-consult.de\/it\/wp-json\/wp\/v2\/types\/page"}],"author":[{"embeddable":true,"href":"https:\/\/www.squadra-consult.de\/it\/wp-json\/wp\/v2\/users\/2"}],"replies":[{"embeddable":true,"href":"https:\/\/www.squadra-consult.de\/it\/wp-json\/wp\/v2\/comments?post=1877"}],"version-history":[{"count":5,"href":"https:\/\/www.squadra-consult.de\/it\/wp-json\/wp\/v2\/pages\/1877\/revisions"}],"predecessor-version":[{"id":2442,"href":"https:\/\/www.squadra-consult.de\/it\/wp-json\/wp\/v2\/pages\/1877\/revisions\/2442"}],"wp:attachment":[{"href":"https:\/\/www.squadra-consult.de\/it\/wp-json\/wp\/v2\/media?parent=1877"}],"curies":[{"name":"wp","href":"https:\/\/api.w.org\/{rel}","templated":true}]}}